{"id":33,"date":"2015-10-19T19:28:38","date_gmt":"2015-10-19T19:28:38","guid":{"rendered":"http:\/\/collectifcitoyenbousbecque.wordpress.com\/?page_id=1"},"modified":"2024-01-19T22:57:07","modified_gmt":"2024-01-19T21:57:07","slug":"a-propos","status":"publish","type":"page","link":"https:\/\/acebousbecque.fr\/index.php\/a-propos\/","title":{"rendered":"L&rsquo;Aceb"},"content":{"rendered":"\n<div class=\"wp-block-uagb-advanced-heading uagb-block-afc04b8e\"><h2 class=\"uagb-heading-text\">Association Citoyenne pour l&rsquo;Environnement \u00e0 Bousbecque<\/h2><\/div>\n\n\n<p>Nos objectifs :<\/p>\n<ul>\n<li>informer et d&rsquo;agir pour am\u00e9liorer la qualit\u00e9 de l&rsquo;environnement de Bousbecque,<\/li>\n<li>sensibiliser la population au partage et \u00e0 la connaissance d&rsquo;id\u00e9es, de savoir-faire \u00e9cologiques et de techniques de culture,<\/li>\n<li>agir pour un Bousbecque plus vert et en tout point plus \u00e9cologique,<\/li>\n<li>cr\u00e9er du lien social autour de ces th\u00e8mes.<\/li>\n<\/ul>\n<p>Nos valeurs :<\/p>\n<ul>\n<li>Ecologie et protection de l&rsquo;environnement<\/li>\n<li>Partage et cr\u00e9ation de lien social<\/li>\n<li>Am\u00e9lioration de la qualit\u00e9 de vie<\/li>\n<li>Dynamique collective<\/li>\n<li>Education et sensibilisation \u00e0 nos valeurs<\/li>\n<li>Prise de d\u00e9cision par consensus (sociocratie)<\/li>\n<li>Gouvernance de type coll\u00e9giale<\/li>\n<li>Ouverture et \u00e9coute interg\u00e9n\u00e9rationnelle<\/li>\n<\/ul>\n<p>Nous contacter :<\/p>\n<p>courriel : <a href=\"mailto:contact@acebousbecque.Fr\">contact@acebousbecque.Fr<\/a><\/p>\n<p>facebook : <a href=\"https:\/\/www.facebook.com\/associationcitoyennepourenvironnementbousbecque\/\">https:\/\/www.facebook.com\/associationcitoyennepourenvironnementbousbecque\/<\/a><\/p>","protected":false},"excerpt":{"rendered":"<p>Nos objectifs : informer et d&rsquo;agir pour am\u00e9liorer la qualit\u00e9 de l&rsquo;environnement de Bousbecque, sensibiliser la population au partage et \u00e0 la connaissance d&rsquo;id\u00e9es, de savoir-faire \u00e9cologiques et de techniques de culture, agir pour un Bousbecque plus vert et en tout point plus \u00e9cologique, cr\u00e9er du lien social autour de ces th\u00e8mes. Nos valeurs : [&hellip;]<\/p>\n","protected":false},"author":3,"featured_media":0,"parent":0,"menu_order":0,"comment_status":"open","ping_status":"open","template":"","meta":{"site-sidebar-layout":"default","site-content-layout":"","ast-site-content-layout":"default","site-content-style":"default","site-sidebar-style":"default","ast-global-header-display":"","ast-banner-title-visibility":"","ast-main-header-display":"","ast-hfb-above-header-display":"","ast-hfb-below-header-display":"","ast-hfb-mobile-header-display":"","site-post-title":"disabled","ast-breadcrumbs-content":"","ast-featured-img":"","footer-sml-layout":"","theme-transparent-header-meta":"","adv-header-id-meta":"","stick-header-meta":"","header-above-stick-meta":"","header-main-stick-meta":"","header-below-stick-meta":"","astra-migrate-meta-layouts":"set","ast-page-background-enabled":"default","ast-page-background-meta":{"desktop":{"background-color":"var(--ast-global-color-4)","background-image":"","background-repeat":"repeat","background-position":"center center","background-size":"auto","background-attachment":"scroll","background-type":"","background-media":"","overlay-type":"","overlay-color":"","overlay-opacity":"","overlay-gradient":""},"tablet":{"background-color":"","background-image":"","background-repeat":"repeat","background-position":"center center","background-size":"auto","background-attachment":"scroll","background-type":"","background-media":"","overlay-type":"","overlay-color":"","overlay-opacity":"","overlay-gradient":""},"mobile":{"background-color":"","background-image":"","background-repeat":"repeat","background-position":"center center","background-size":"auto","background-attachment":"scroll","background-type":"","background-media":"","overlay-type":"","overlay-color":"","overlay-opacity":"","overlay-gradient":""}},"ast-content-background-meta":{"desktop":{"background-color":"var(--ast-global-color-5)","background-image":"","background-repeat":"repeat","background-position":"center center","background-size":"auto","background-attachment":"scroll","background-type":"","background-media":"","overlay-type":"","overlay-color":"","overlay-opacity":"","overlay-gradient":""},"tablet":{"background-color":"var(--ast-global-color-5)","background-image":"","background-repeat":"repeat","background-position":"center center","background-size":"auto","background-attachment":"scroll","background-type":"","background-media":"","overlay-type":"","overlay-color":"","overlay-opacity":"","overlay-gradient":""},"mobile":{"background-color":"var(--ast-global-color-5)","background-image":"","background-repeat":"repeat","background-position":"center center","background-size":"auto","background-attachment":"scroll","background-type":"","background-media":"","overlay-type":"","overlay-color":"","overlay-opacity":"","overlay-gradient":""}},"footnotes":""},"class_list":["post-33","page","type-page","status-publish","hentry"],"jetpack_sharing_enabled":true,"_links":{"self":[{"href":"https:\/\/acebousbecque.fr\/index.php\/wp-json\/wp\/v2\/pages\/33","targetHints":{"allow":["GET"]}}],"collection":[{"href":"https:\/\/acebousbecque.fr\/index.php\/wp-json\/wp\/v2\/pages"}],"about":[{"href":"https:\/\/acebousbecque.fr\/index.php\/wp-json\/wp\/v2\/types\/page"}],"author":[{"embeddable":true,"href":"https:\/\/acebousbecque.fr\/index.php\/wp-json\/wp\/v2\/users\/3"}],"replies":[{"embeddable":true,"href":"https:\/\/acebousbecque.fr\/index.php\/wp-json\/wp\/v2\/comments?post=33"}],"version-history":[{"count":6,"href":"https:\/\/acebousbecque.fr\/index.php\/wp-json\/wp\/v2\/pages\/33\/revisions"}],"predecessor-version":[{"id":934,"href":"https:\/\/acebousbecque.fr\/index.php\/wp-json\/wp\/v2\/pages\/33\/revisions\/934"}],"wp:attachment":[{"href":"https:\/\/acebousbecque.fr\/index.php\/wp-json\/wp\/v2\/media?parent=33"}],"curies":[{"name":"wp","href":"https:\/\/api.w.org\/{rel}","templated":true}]}}