{"id":618,"date":"2024-01-19T22:32:11","date_gmt":"2024-01-19T21:32:11","guid":{"rendered":"https:\/\/acebousbecque.fr\/?page_id=618"},"modified":"2025-11-30T17:44:05","modified_gmt":"2025-11-30T16:44:05","slug":"aceb","status":"publish","type":"page","link":"https:\/\/acebousbecque.fr\/","title":{"rendered":"ACEB"},"content":{"rendered":"\n<div class=\"wp-block-uagb-advanced-heading uagb-block-7fea6d5c\"><h2 class=\"uagb-heading-text\">L&rsquo; association Citoyenne pour l&rsquo;Environnement \u00e0 Bousbecque<\/h2><\/div>\n\n\n\n<div class=\"wp-block-group is-layout-constrained wp-block-group-is-layout-constrained\"><div class=\"wp-block-group__inner-container\">\n<div class=\"wp-block-uagb-container uagb-block-0e85ca88 alignfull uagb-is-root-container\"><div class=\"uagb-container-inner-blocks-wrap\">\n\n<p>Bienvenue sur le site de L&rsquo;Aceb. Pour faire face aux d\u00e9fis climatique, environnemental et social, nous tentons de<\/p>\n<ul>\n<li><strong>prot\u00e9ger la nature, <\/strong>dont nous oublions qu&rsquo;elle nous est essentielle,<\/li>\n<li>Interagir avec les acteurs de la commune pour <strong>prot\u00e9ger et am\u00e9liorer notre cadre de vie<\/strong>,<\/li>\n<li>Faire <strong>\u00e9voluer notre art de vivre<\/strong>, afin de limiter notre impact sur les ressources naturelles,<\/li>\n<li><strong>Renforcer le lien social<\/strong> pour favoriser les \u00e9changes de savoir et l&rsquo;entraide.<\/li>\n<\/ul>\n<p>Vous pouvez \u00e9galement suivre notre actualit\u00e9 sur<a href=\"https:\/\/www.facebook.com\/associationcitoyennepourenvironnementbousbecque\" data-wplink-edit=\"true\"> notre page facebook<\/a><\/p>\n\n<\/div><\/div>\n<\/div><\/div>\n\n\n<ul style=\"border-style:none;border-width:0px; padding-top:0;padding-bottom:0;padding-left:0;padding-right:0;\" class=\"wp-block-latest-posts__list wp-block-latest-posts\"><li><div class=\"wp-block-latest-posts__featured-image alignleft\"><img loading=\"lazy\" decoding=\"async\" width=\"150\" height=\"150\" src=\"https:\/\/acebousbecque.fr\/wp-content\/uploads\/2026\/01\/image-150x150.jpeg\" class=\"attachment-thumbnail size-thumbnail wp-post-image\" alt=\"\" style=\"\" \/><\/div><a class=\"wp-block-latest-posts__post-title\" href=\"https:\/\/acebousbecque.fr\/index.php\/2026\/01\/18\/elections-municipales-nos-propositions\/\">Sondage \u00e9lections municipales : nos propositions pour un environnement plus sain<\/a><div class=\"wp-block-latest-posts__post-excerpt\">Notre sant\u00e9 d\u00e9pend en partie de notre environnement et de notre qualit\u00e9 de vie. La pollution (eau,air,&#8230;), l&rsquo;alimentation, nos relations sociales, notre lien avec la nature, sont des facteurs importants sur lesquels nous pouvons agir localement et avec efficacit\u00e9 C&rsquo;est\u2026 <a class=\"wp-block-latest-posts__read-more\" href=\"https:\/\/acebousbecque.fr\/index.php\/2026\/01\/18\/elections-municipales-nos-propositions\/\" rel=\"noopener noreferrer\">Lire la suite<span class=\"screen-reader-text\">\u00a0: Sondage \u00e9lections municipales : nos propositions pour un environnement plus sain<\/span><\/a><\/div><\/li>\n<li><div class=\"wp-block-latest-posts__featured-image alignleft\"><img loading=\"lazy\" decoding=\"async\" width=\"150\" height=\"150\" src=\"https:\/\/acebousbecque.fr\/wp-content\/uploads\/2025\/11\/photo-linktree-150x150.jpg\" class=\"attachment-thumbnail size-thumbnail wp-post-image\" alt=\"\" style=\"\" srcset=\"https:\/\/acebousbecque.fr\/wp-content\/uploads\/2025\/11\/photo-linktree-150x150.jpg 150w, https:\/\/acebousbecque.fr\/wp-content\/uploads\/2025\/11\/photo-linktree-300x300.jpg 300w, https:\/\/acebousbecque.fr\/wp-content\/uploads\/2025\/11\/photo-linktree-1024x1024.jpg 1024w, https:\/\/acebousbecque.fr\/wp-content\/uploads\/2025\/11\/photo-linktree-768x768.jpg 768w, https:\/\/acebousbecque.fr\/wp-content\/uploads\/2025\/11\/photo-linktree-1536x1536.jpg 1536w, https:\/\/acebousbecque.fr\/wp-content\/uploads\/2025\/11\/photo-linktree-2048x2048.jpg 2048w\" sizes=\"auto, (max-width: 150px) 100vw, 150px\" \/><\/div><a class=\"wp-block-latest-posts__post-title\" href=\"https:\/\/acebousbecque.fr\/index.php\/2025\/11\/29\/cine-debat-le-vivant-qui-se-defend\/\">Cin\u00e9 D\u00e9bat \u00ab\u00a0Le vivant qui se d\u00e9fend\u00a0\u00bb<\/a><div class=\"wp-block-latest-posts__post-excerpt\">L&rsquo;Aceb co-organise avec le cin\u00e9ma \u00ab\u00a0Le Foyer\u00a0\u00bb de Bousbecque la projection du film \u00ab\u00a0Le vivant qui se d\u00e9fend\u00a0\u00bb de Vincent Verza. Vincent Verzat filme les mobilisations \u00e9cologiques depuis 10 ans sur la cha\u00eene YouTube Partager c&rsquo;est Sympa. Partant d\u2019un r\u00e9cit\u2026 <a class=\"wp-block-latest-posts__read-more\" href=\"https:\/\/acebousbecque.fr\/index.php\/2025\/11\/29\/cine-debat-le-vivant-qui-se-defend\/\" rel=\"noopener noreferrer\">Lire la suite<span class=\"screen-reader-text\">\u00a0: Cin\u00e9 D\u00e9bat \u00ab\u00a0Le vivant qui se d\u00e9fend\u00a0\u00bb<\/span><\/a><\/div><\/li>\n<li><div class=\"wp-block-latest-posts__featured-image alignleft\"><img loading=\"lazy\" decoding=\"async\" width=\"150\" height=\"150\" src=\"https:\/\/acebousbecque.fr\/wp-content\/uploads\/2025\/09\/wp-1759241488585420270600896089425-edited-150x150.jpg\" class=\"attachment-thumbnail size-thumbnail wp-post-image\" alt=\"\" style=\"\" srcset=\"https:\/\/acebousbecque.fr\/wp-content\/uploads\/2025\/09\/wp-1759241488585420270600896089425-edited-150x150.jpg 150w, https:\/\/acebousbecque.fr\/wp-content\/uploads\/2025\/09\/wp-1759241488585420270600896089425-edited-300x300.jpg 300w, https:\/\/acebousbecque.fr\/wp-content\/uploads\/2025\/09\/wp-1759241488585420270600896089425-edited-1024x1024.jpg 1024w, https:\/\/acebousbecque.fr\/wp-content\/uploads\/2025\/09\/wp-1759241488585420270600896089425-edited-768x768.jpg 768w, https:\/\/acebousbecque.fr\/wp-content\/uploads\/2025\/09\/wp-1759241488585420270600896089425-edited.jpg 1512w\" sizes=\"auto, (max-width: 150px) 100vw, 150px\" \/><\/div><a class=\"wp-block-latest-posts__post-title\" href=\"https:\/\/acebousbecque.fr\/index.php\/2025\/09\/30\/comment-et-pourquoi-faire-du-kefir\/\">Comment (et pourquoi) faire du k\u00e9fir<\/a><div class=\"wp-block-latest-posts__post-excerpt\">Le k\u00e9fir est une boisson low tech que l&rsquo;on peut faire tr\u00e8s facilement chez soi \u00e0 la maison.C&rsquo;est une boisson p\u00e9tillante au go\u00fbt citronn\u00e9, mais vous pouvez l&rsquo;aromatiser \u00e0 votre go\u00fbt. C&rsquo;est une boisson low tech car elle est :*Utile,\u2026 <a class=\"wp-block-latest-posts__read-more\" href=\"https:\/\/acebousbecque.fr\/index.php\/2025\/09\/30\/comment-et-pourquoi-faire-du-kefir\/\" rel=\"noopener noreferrer\">Lire la suite<span class=\"screen-reader-text\">\u00a0: Comment (et pourquoi) faire du k\u00e9fir<\/span><\/a><\/div><\/li>\n<li><div class=\"wp-block-latest-posts__featured-image alignleft\"><img loading=\"lazy\" decoding=\"async\" width=\"150\" height=\"150\" src=\"https:\/\/acebousbecque.fr\/wp-content\/uploads\/2025\/09\/forum-des-associations-2025-avec-date-150x150.jpg\" class=\"attachment-thumbnail size-thumbnail wp-post-image\" alt=\"\" style=\"\" \/><\/div><a class=\"wp-block-latest-posts__post-title\" href=\"https:\/\/acebousbecque.fr\/index.php\/2025\/09\/11\/forum-des-associations\/\">Forum des associations<\/a><div class=\"wp-block-latest-posts__post-excerpt\">Ce samedi 13 septembre 2025, l&rsquo;ACEB sera pr\u00e9sente au Forum des associations \u00e0 la salle des f\u00eates, de 10h \u00e0 17. Nous organiserons un quizz sur le climat, pr\u00e9senterons un ordinateur de 18 ans fonctionnant parfaitement gr\u00e2ce \u00e0 Linux, et\u2026 <a class=\"wp-block-latest-posts__read-more\" href=\"https:\/\/acebousbecque.fr\/index.php\/2025\/09\/11\/forum-des-associations\/\" rel=\"noopener noreferrer\">Lire la suite<span class=\"screen-reader-text\">\u00a0: Forum des associations<\/span><\/a><\/div><\/li>\n<li><div class=\"wp-block-latest-posts__featured-image alignleft\"><img loading=\"lazy\" decoding=\"async\" width=\"150\" height=\"150\" src=\"https:\/\/acebousbecque.fr\/wp-content\/uploads\/2025\/09\/convergence_18_mai-150x150.jpg\" class=\"attachment-thumbnail size-thumbnail wp-post-image\" alt=\"\" style=\"\" \/><\/div><a class=\"wp-block-latest-posts__post-title\" href=\"https:\/\/acebousbecque.fr\/index.php\/2025\/09\/11\/convergence-velo\/\">Convergence V\u00e9lo<\/a><div class=\"wp-block-latest-posts__post-excerpt\">Le 18 mai 2025, notre petite \u00e9quipe s&rsquo;est rendue \u00e0 v\u00e9lo jusqu&rsquo;\u00e0 Lille, dans le cadre d&rsquo;un \u00e9v\u00e8nement organis\u00e9 par l&rsquo;ADAV (Association Droit au V\u00e9lo). Le but \u00e9tant de d\u00e9couvrir un chemins agr\u00e9able \u00e0 v\u00e9lo jusqu&rsquo;\u00e0 Lille, et de rejoindre\u2026 <a class=\"wp-block-latest-posts__read-more\" href=\"https:\/\/acebousbecque.fr\/index.php\/2025\/09\/11\/convergence-velo\/\" rel=\"noopener noreferrer\">Lire la suite<span class=\"screen-reader-text\">\u00a0: Convergence V\u00e9lo<\/span><\/a><\/div><\/li>\n<li><div class=\"wp-block-latest-posts__featured-image alignleft\"><img loading=\"lazy\" decoding=\"async\" width=\"150\" height=\"150\" src=\"https:\/\/acebousbecque.fr\/wp-content\/uploads\/2025\/09\/Les-Adaptes_Photo1-150x150.png\" class=\"attachment-thumbnail size-thumbnail wp-post-image\" alt=\"\" style=\"\" \/><\/div><a class=\"wp-block-latest-posts__post-title\" href=\"https:\/\/acebousbecque.fr\/index.php\/2025\/09\/03\/cine-debat-les-adaptes\/\">Cin\u00e9 D\u00e9bat : Les Adapt\u00e9s<\/a><div class=\"wp-block-latest-posts__post-excerpt\">L&rsquo;Aceb s&rsquo;est associ\u00e9e au cin\u00e9ma le foyer de Bousbecque pour projeter un film sur plusieurs agriculteurs et agricultrices des Hauts de France qui sont confront\u00e9s aux bouleversements climatiques La projection a eu lieu le vendredi 25 avril 2025 \u00e0 20h\u2026 <a class=\"wp-block-latest-posts__read-more\" href=\"https:\/\/acebousbecque.fr\/index.php\/2025\/09\/03\/cine-debat-les-adaptes\/\" rel=\"noopener noreferrer\">Lire la suite<span class=\"screen-reader-text\">\u00a0: Cin\u00e9 D\u00e9bat : Les Adapt\u00e9s<\/span><\/a><\/div><\/li>\n<li><div class=\"wp-block-latest-posts__featured-image alignleft\"><img loading=\"lazy\" decoding=\"async\" width=\"150\" height=\"150\" src=\"https:\/\/acebousbecque.fr\/wp-content\/uploads\/2025\/09\/D1052185-33D6-4320-9FA4-128FB4F18B69-1oexa6gimpgh5kxetnjxkds37r-x55zj3tspirtjxesa3akppxfww-150x150.jpg\" class=\"attachment-thumbnail size-thumbnail wp-post-image\" alt=\"\" style=\"\" \/><\/div><a class=\"wp-block-latest-posts__post-title\" href=\"https:\/\/acebousbecque.fr\/index.php\/2025\/09\/03\/le-village-low-tech\/\">Le village Low Tech<\/a><div class=\"wp-block-latest-posts__post-excerpt\">L&rsquo;Aceb et le LowTechLab de Lille sont heureux de vous avoir accueilli \u00e0 un atelier p\u00e9dagogique pour d\u00e9couvrir la d\u00e9marche Low-Tech, ses principes et ses solutions. L\u2019atelier a eu lieu le 30 mars 2025. Nous avons pass\u00e9 un excellent moment,\u2026 <a class=\"wp-block-latest-posts__read-more\" href=\"https:\/\/acebousbecque.fr\/index.php\/2025\/09\/03\/le-village-low-tech\/\" rel=\"noopener noreferrer\">Lire la suite<span class=\"screen-reader-text\">\u00a0: Le village Low Tech<\/span><\/a><\/div><\/li>\n<li><div class=\"wp-block-latest-posts__featured-image alignleft\"><img loading=\"lazy\" decoding=\"async\" width=\"150\" height=\"150\" src=\"https:\/\/acebousbecque.fr\/wp-content\/uploads\/2024\/05\/40_LFC_ATELIER_HD-\u00a9MaryLou-Mauricio-pour-La-Fresque-du-Climat-150x150.jpg\" class=\"attachment-thumbnail size-thumbnail wp-post-image\" alt=\"\" style=\"\" \/><\/div><a class=\"wp-block-latest-posts__post-title\" href=\"https:\/\/acebousbecque.fr\/index.php\/2024\/05\/15\/atelier-fresque-du-climat\/\">Atelier Fresque du Climat<\/a><div class=\"wp-block-latest-posts__post-excerpt\">L&rsquo;ACEB organise des ateliers Fresque du Climat. Ce sont des ateliers ludiques et p\u00e9dagogiques pour mieux comprendre les enjeux du climat. Le prochain aura lien le : Nous pouvons organiser des ateliers sur demande, pour les enfants ou les adultes,\u2026 <a class=\"wp-block-latest-posts__read-more\" href=\"https:\/\/acebousbecque.fr\/index.php\/2024\/05\/15\/atelier-fresque-du-climat\/\" rel=\"noopener noreferrer\">Lire la suite<span class=\"screen-reader-text\">\u00a0: Atelier Fresque du Climat<\/span><\/a><\/div><\/li>\n<\/ul>\n\n\n<p><\/p>\n","protected":false},"excerpt":{"rendered":"","protected":false},"author":4,"featured_media":0,"parent":0,"menu_order":0,"comment_status":"closed","ping_status":"closed","template":"","meta":{"site-sidebar-layout":"default","site-content-layout":"","ast-site-content-layout":"default","site-content-style":"default","site-sidebar-style":"default","ast-global-header-display":"","ast-banner-title-visibility":"","ast-main-header-display":"","ast-hfb-above-header-display":"","ast-hfb-below-header-display":"","ast-hfb-mobile-header-display":"","site-post-title":"disabled","ast-breadcrumbs-content":"","ast-featured-img":"","footer-sml-layout":"","theme-transparent-header-meta":"","adv-header-id-meta":"","stick-header-meta":"","header-above-stick-meta":"","header-main-stick-meta":"","header-below-stick-meta":"","astra-migrate-meta-layouts":"set","ast-page-background-enabled":"default","ast-page-background-meta":{"desktop":{"background-color":"var(--ast-global-color-4)","background-image":"","background-repeat":"repeat","background-position":"center center","background-size":"auto","background-attachment":"scroll","background-type":"","background-media":"","overlay-type":"","overlay-color":"","overlay-opacity":"","overlay-gradient":""},"tablet":{"background-color":"","background-image":"","background-repeat":"repeat","background-position":"center center","background-size":"auto","background-attachment":"scroll","background-type":"","background-media":"","overlay-type":"","overlay-color":"","overlay-opacity":"","overlay-gradient":""},"mobile":{"background-color":"","background-image":"","background-repeat":"repeat","background-position":"center center","background-size":"auto","background-attachment":"scroll","background-type":"","background-media":"","overlay-type":"","overlay-color":"","overlay-opacity":"","overlay-gradient":""}},"ast-content-background-meta":{"desktop":{"background-color":"var(--ast-global-color-5)","background-image":"","background-repeat":"repeat","background-position":"center center","background-size":"auto","background-attachment":"scroll","background-type":"","background-media":"","overlay-type":"","overlay-color":"","overlay-opacity":"","overlay-gradient":""},"tablet":{"background-color":"var(--ast-global-color-5)","background-image":"","background-repeat":"repeat","background-position":"center center","background-size":"auto","background-attachment":"scroll","background-type":"","background-media":"","overlay-type":"","overlay-color":"","overlay-opacity":"","overlay-gradient":""},"mobile":{"background-color":"var(--ast-global-color-5)","background-image":"","background-repeat":"repeat","background-position":"center center","background-size":"auto","background-attachment":"scroll","background-type":"","background-media":"","overlay-type":"","overlay-color":"","overlay-opacity":"","overlay-gradient":""}},"footnotes":""},"class_list":["post-618","page","type-page","status-publish","hentry"],"jetpack_sharing_enabled":true,"_links":{"self":[{"href":"https:\/\/acebousbecque.fr\/index.php\/wp-json\/wp\/v2\/pages\/618","targetHints":{"allow":["GET"]}}],"collection":[{"href":"https:\/\/acebousbecque.fr\/index.php\/wp-json\/wp\/v2\/pages"}],"about":[{"href":"https:\/\/acebousbecque.fr\/index.php\/wp-json\/wp\/v2\/types\/page"}],"author":[{"embeddable":true,"href":"https:\/\/acebousbecque.fr\/index.php\/wp-json\/wp\/v2\/users\/4"}],"replies":[{"embeddable":true,"href":"https:\/\/acebousbecque.fr\/index.php\/wp-json\/wp\/v2\/comments?post=618"}],"version-history":[{"count":26,"href":"https:\/\/acebousbecque.fr\/index.php\/wp-json\/wp\/v2\/pages\/618\/revisions"}],"predecessor-version":[{"id":970,"href":"https:\/\/acebousbecque.fr\/index.php\/wp-json\/wp\/v2\/pages\/618\/revisions\/970"}],"wp:attachment":[{"href":"https:\/\/acebousbecque.fr\/index.php\/wp-json\/wp\/v2\/media?parent=618"}],"curies":[{"name":"wp","href":"https:\/\/api.w.org\/{rel}","templated":true}]}}